{"id":1322,"date":"2016-03-26T14:03:43","date_gmt":"2016-03-26T14:03:43","guid":{"rendered":"http:\/\/hentaipornobr.com\/?page_id=1322"},"modified":"2020-03-27T15:54:38","modified_gmt":"2020-03-27T15:54:38","slug":"categorias-site-hentai-porno","status":"publish","type":"page","link":"https:\/\/hentaipornobr.com\/categorias-site-hentai-porno\/","title":{"rendered":"Mais Categorias"},"content":{"rendered":"<p>Lista de Categorias do site <strong>Hentai Porn\u00f4 BR<\/strong>. Abaixo lista de todas as categorias hentais site de maneira organizada para voc\u00ea.<\/p><div id=\"henta-692826144\" class=\"henta-conteudo_3 henta-entity-placement\">.<\/div>\n<div id=\"henta-2846682328\" class=\"henta-depois-do-conteudo henta-entity-placement\">2<\/div>","protected":false},"excerpt":{"rendered":"<p>Lista de Categorias do site Hentai Porn\u00f4 BR. Abaixo lista de todas as categorias hentais site de maneira organizada para voc\u00ea.<\/p>\n","protected":false},"author":79,"featured_media":0,"parent":0,"menu_order":0,"comment_status":"closed","ping_status":"closed","template":"","meta":{"footnotes":"","_links_to":"","_links_to_target":""},"class_list":["post-1322","page","type-page","status-publish","hentry"],"yoast_head":"<!-- This site is optimized with the Yoast SEO Premium plugin v19.5 (Yoast SEO v27.4) - https:\/\/yoast.com\/product\/yoast-seo-premium-wordpress\/ -->\n<title>Mais Categorias - Hentai \u2192 Melhores Super Hentai porn Brasil (2024)<\/title>\n<meta name=\"description\" content=\"Principais categorias do site Hentai Porn\u00f4 BR. Abaixo segue as \u00faltimas 10 postagens das categorias: Hentai, Cartoon Porn\u00f4, Simpsons, Incesto e mais!\" \/>\n<meta name=\"robots\" content=\"index, follow, max-snippet:-1, max-image-preview:large, max-video-preview:-1\" \/>\n<link rel=\"canonical\" href=\"https:\/\/hentaipornobr.com\/categorias-site-hentai-porno\/\" \/>\n<meta property=\"og:locale\" content=\"pt_BR\" \/>\n<meta property=\"og:type\" content=\"article\" \/>\n<meta property=\"og:title\" content=\"Mais Categorias\" \/>\n<meta property=\"og:description\" content=\"Principais categorias do site Hentai Porn\u00f4 BR. Abaixo segue as \u00faltimas 10 postagens das categorias: Hentai, Cartoon Porn\u00f4, Simpsons, Incesto e mais!\" \/>\n<meta property=\"og:url\" content=\"https:\/\/hentaipornobr.com\/categorias-site-hentai-porno\/\" \/>\n<meta property=\"og:site_name\" content=\"Hentai \u2192 Melhores Super Hentai porn Brasil (2024)\" \/>\n<meta property=\"article:modified_time\" content=\"2020-03-27T15:54:38+00:00\" \/>\n<meta name=\"twitter:card\" content=\"summary_large_image\" \/>\n<script type=\"application\/ld+json\" class=\"yoast-schema-graph\">{\"@context\":\"https:\\\/\\\/schema.org\",\"@graph\":[{\"@type\":\"WebPage\",\"@id\":\"https:\\\/\\\/hentaipornobr.com\\\/categorias-site-hentai-porno\\\/\",\"url\":\"https:\\\/\\\/hentaipornobr.com\\\/categorias-site-hentai-porno\\\/\",\"name\":\"Mais Categorias - Hentai \u2192 Melhores Super Hentai porn Brasil (2024)\",\"isPartOf\":{\"@id\":\"https:\\\/\\\/hentaipornobr.com\\\/#website\"},\"datePublished\":\"2016-03-26T14:03:43+00:00\",\"dateModified\":\"2020-03-27T15:54:38+00:00\",\"description\":\"Principais categorias do site Hentai Porn\u00f4 BR. Abaixo segue as \u00faltimas 10 postagens das categorias: Hentai, Cartoon Porn\u00f4, Simpsons, Incesto e mais!\",\"breadcrumb\":{\"@id\":\"https:\\\/\\\/hentaipornobr.com\\\/categorias-site-hentai-porno\\\/#breadcrumb\"},\"inLanguage\":\"pt-BR\",\"potentialAction\":[{\"@type\":\"ReadAction\",\"target\":[\"https:\\\/\\\/hentaipornobr.com\\\/categorias-site-hentai-porno\\\/\"]}]},{\"@type\":\"BreadcrumbList\",\"@id\":\"https:\\\/\\\/hentaipornobr.com\\\/categorias-site-hentai-porno\\\/#breadcrumb\",\"itemListElement\":[{\"@type\":\"ListItem\",\"position\":1,\"name\":\"Hentai\",\"item\":\"https:\\\/\\\/hentaipornobr.com\\\/\"},{\"@type\":\"ListItem\",\"position\":2,\"name\":\"Mais Categorias\"}]},{\"@type\":\"WebSite\",\"@id\":\"https:\\\/\\\/hentaipornobr.com\\\/#website\",\"url\":\"https:\\\/\\\/hentaipornobr.com\\\/\",\"name\":\"Hentai \u2705 Hentai porno Brasil\",\"description\":\"Hentai \u2705 O melhor site de \u274c HENTAI \u274c Porno Brasil. Site com tradu\u00e7\u00f5es de HQs, quadrinhos er\u00f3ticos, incesto, gay, porn\u00f4 e br animes.\",\"publisher\":{\"@id\":\"https:\\\/\\\/hentaipornobr.com\\\/#organization\"},\"alternateName\":\"Hentai Porno BR\",\"potentialAction\":[{\"@type\":\"SearchAction\",\"target\":{\"@type\":\"EntryPoint\",\"urlTemplate\":\"https:\\\/\\\/hentaipornobr.com\\\/?s={search_term_string}\"},\"query-input\":{\"@type\":\"PropertyValueSpecification\",\"valueRequired\":true,\"valueName\":\"search_term_string\"}}],\"inLanguage\":\"pt-BR\"},{\"@type\":\"Organization\",\"@id\":\"https:\\\/\\\/hentaipornobr.com\\\/#organization\",\"name\":\"Hentai Porno Brasil\",\"alternateName\":\"hentai\",\"url\":\"https:\\\/\\\/hentaipornobr.com\\\/\",\"logo\":{\"@type\":\"ImageObject\",\"inLanguage\":\"pt-BR\",\"@id\":\"https:\\\/\\\/hentaipornobr.com\\\/#\\\/schema\\\/logo\\\/image\\\/\",\"url\":\"https:\\\/\\\/hentaipornobr.com\\\/wp-content\\\/uploads\\\/2024\\\/04\\\/hentai.png\",\"contentUrl\":\"https:\\\/\\\/hentaipornobr.com\\\/wp-content\\\/uploads\\\/2024\\\/04\\\/hentai.png\",\"width\":224,\"height\":102,\"caption\":\"Hentai Porno Brasil\"},\"image\":{\"@id\":\"https:\\\/\\\/hentaipornobr.com\\\/#\\\/schema\\\/logo\\\/image\\\/\"}}]}<\/script>\n<!-- \/ Yoast SEO Premium plugin. -->","yoast_head_json":{"title":"Mais Categorias - Hentai \u2192 Melhores Super Hentai porn Brasil (2024)","description":"Principais categorias do site Hentai Porn\u00f4 BR. Abaixo segue as \u00faltimas 10 postagens das categorias: Hentai, Cartoon Porn\u00f4, Simpsons, Incesto e mais!","robots":{"index":"index","follow":"follow","max-snippet":"max-snippet:-1","max-image-preview":"max-image-preview:large","max-video-preview":"max-video-preview:-1"},"canonical":"https:\/\/hentaipornobr.com\/categorias-site-hentai-porno\/","og_locale":"pt_BR","og_type":"article","og_title":"Mais Categorias","og_description":"Principais categorias do site Hentai Porn\u00f4 BR. Abaixo segue as \u00faltimas 10 postagens das categorias: Hentai, Cartoon Porn\u00f4, Simpsons, Incesto e mais!","og_url":"https:\/\/hentaipornobr.com\/categorias-site-hentai-porno\/","og_site_name":"Hentai \u2192 Melhores Super Hentai porn Brasil (2024)","article_modified_time":"2020-03-27T15:54:38+00:00","twitter_card":"summary_large_image","schema":{"@context":"https:\/\/schema.org","@graph":[{"@type":"WebPage","@id":"https:\/\/hentaipornobr.com\/categorias-site-hentai-porno\/","url":"https:\/\/hentaipornobr.com\/categorias-site-hentai-porno\/","name":"Mais Categorias - Hentai \u2192 Melhores Super Hentai porn Brasil (2024)","isPartOf":{"@id":"https:\/\/hentaipornobr.com\/#website"},"datePublished":"2016-03-26T14:03:43+00:00","dateModified":"2020-03-27T15:54:38+00:00","description":"Principais categorias do site Hentai Porn\u00f4 BR. Abaixo segue as \u00faltimas 10 postagens das categorias: Hentai, Cartoon Porn\u00f4, Simpsons, Incesto e mais!","breadcrumb":{"@id":"https:\/\/hentaipornobr.com\/categorias-site-hentai-porno\/#breadcrumb"},"inLanguage":"pt-BR","potentialAction":[{"@type":"ReadAction","target":["https:\/\/hentaipornobr.com\/categorias-site-hentai-porno\/"]}]},{"@type":"BreadcrumbList","@id":"https:\/\/hentaipornobr.com\/categorias-site-hentai-porno\/#breadcrumb","itemListElement":[{"@type":"ListItem","position":1,"name":"Hentai","item":"https:\/\/hentaipornobr.com\/"},{"@type":"ListItem","position":2,"name":"Mais Categorias"}]},{"@type":"WebSite","@id":"https:\/\/hentaipornobr.com\/#website","url":"https:\/\/hentaipornobr.com\/","name":"Hentai \u2705 Hentai porno Brasil","description":"Hentai \u2705 O melhor site de \u274c HENTAI \u274c Porno Brasil. Site com tradu\u00e7\u00f5es de HQs, quadrinhos er\u00f3ticos, incesto, gay, porn\u00f4 e br animes.","publisher":{"@id":"https:\/\/hentaipornobr.com\/#organization"},"alternateName":"Hentai Porno BR","potentialAction":[{"@type":"SearchAction","target":{"@type":"EntryPoint","urlTemplate":"https:\/\/hentaipornobr.com\/?s={search_term_string}"},"query-input":{"@type":"PropertyValueSpecification","valueRequired":true,"valueName":"search_term_string"}}],"inLanguage":"pt-BR"},{"@type":"Organization","@id":"https:\/\/hentaipornobr.com\/#organization","name":"Hentai Porno Brasil","alternateName":"hentai","url":"https:\/\/hentaipornobr.com\/","logo":{"@type":"ImageObject","inLanguage":"pt-BR","@id":"https:\/\/hentaipornobr.com\/#\/schema\/logo\/image\/","url":"https:\/\/hentaipornobr.com\/wp-content\/uploads\/2024\/04\/hentai.png","contentUrl":"https:\/\/hentaipornobr.com\/wp-content\/uploads\/2024\/04\/hentai.png","width":224,"height":102,"caption":"Hentai Porno Brasil"},"image":{"@id":"https:\/\/hentaipornobr.com\/#\/schema\/logo\/image\/"}}]}},"_links":{"self":[{"href":"https:\/\/hentaipornobr.com\/wp-json\/wp\/v2\/pages\/1322","targetHints":{"allow":["GET"]}}],"collection":[{"href":"https:\/\/hentaipornobr.com\/wp-json\/wp\/v2\/pages"}],"about":[{"href":"https:\/\/hentaipornobr.com\/wp-json\/wp\/v2\/types\/page"}],"author":[{"embeddable":true,"href":"https:\/\/hentaipornobr.com\/wp-json\/wp\/v2\/users\/79"}],"replies":[{"embeddable":true,"href":"https:\/\/hentaipornobr.com\/wp-json\/wp\/v2\/comments?post=1322"}],"version-history":[{"count":0,"href":"https:\/\/hentaipornobr.com\/wp-json\/wp\/v2\/pages\/1322\/revisions"}],"wp:attachment":[{"href":"https:\/\/hentaipornobr.com\/wp-json\/wp\/v2\/media?parent=1322"}],"curies":[{"name":"wp","href":"https:\/\/api.w.org\/{rel}","templated":true}]}}